{"id":56,"date":"2018-05-04T09:36:19","date_gmt":"2018-05-04T07:36:19","guid":{"rendered":"http:\/\/djchristaffa.de\/?page_id=56"},"modified":"2018-05-04T09:36:19","modified_gmt":"2018-05-04T07:36:19","slug":"impressum","status":"publish","type":"page","link":"https:\/\/djchristaffa.de\/index.php\/impressum\/","title":{"rendered":"Impressum"},"content":{"rendered":"<h2 class=\"font_2\">IMPRESSUM<\/h2>\n<p class=\"font_8\">Christopher Wedler<br \/>\nK\u00f6nigsberger Stra\u00dfe 80<br \/>\n27356 Rotenburg<br \/>\nMobil 0173.6218328<br \/>\nMail: <a href=\"mailto:djchristaffa@gmx.de\">djchristaffa@gmx.de<\/a><br \/>\nInternet: <a href=\"http:\/\/www.christaffa.de\">www.djchristaffa.de<\/a><\/p>\n<p class=\"font_8\">handelt unter der gesch\u00e4ftlichen Bezeichnung:<br \/>\nDJ Chris Taffa<\/p>\n<p class=\"font_8\">Kleinunternehmer im Sinne von \u00a7 19 Abs. 1 UStG.<br \/>\nSteuernummer vom Finanzamt Rotenburg noch nicht erhalten.<\/p>\n<p class=\"font_8\"><strong>Inhaltlich Verantwortlicher:<\/strong> Christopher Wedler<\/p>\n<div id=\"WRchTxt16-w39\" class=\"txtNew\" data-packed=\"true\">\n<h6 class=\"font_6\">Urhebernutzungsrechte<\/h6>\n<p class=\"font_8\">Die Website von www.djchristaffa.de, ihre Struktur und s\u00e4mtliche darin enthaltenen Funktionalit\u00e4ten, Informationen, Daten, Texte, eingesetzten Komponenten unterliegen dem gesetzlich gesch\u00fctzten Urheberrecht und sind Eigentum von DJ Chris Taffa. Der User darf die Inhalte nur im Rahmen der angebotenen Funktionalit\u00e4ten der Webseite f\u00fcr seinen pers\u00f6nlichen Gebrauch nutzen und erwirbt keinerlei Rechte an den Inhalten und Programmen.<\/p>\n<p class=\"font_8\">Die Verwendung von Texten und Bildern, sowie die Vervielf\u00e4ltigung von Informationen und Daten bedarf der vorherigen Zustimmung der Betreiber von <a href=\"https:\/\/www.djchristaffa.de\">www.djchristaffa.de<\/a>.<\/p>\n<p class=\"font_8\">Raubkopien dieser Inhalte sind strafbar, die ich unverz\u00fcglich zur Anzeige bringen werde.<\/p>\n<\/div>\n<div id=\"FvGrdLn3-16v6\" class=\"hl1\">\n<div id=\"FvGrdLn3-16v6line\" class=\"hl1line\"><\/div>\n<\/div>\n<div id=\"WRchTxt19-18mp\" class=\"txtNew\" data-packed=\"true\">\n<h6 class=\"font_6\">Inhalte, Links und Verweise auf andere Webseiten<\/h6>\n<p class=\"font_8\">Die Inhalte der Webseite von <a href=\"https:\/\/www.djchristaffa.de\">www.djchristaffa.de<\/a> werden st\u00e4ndig gepr\u00fcft und aktualisiert. Trotz aller Sorgfalt k\u00f6nnen sich Daten kurzfristig \u00e4ndern. Deswegen kann keine Haftung oder Garantie f\u00fcr die Aktualit\u00e4t, Vollst\u00e4ndigkeit und Richtigkeit der zur Verf\u00fcgung gestellten Inhalte \u00fcbernommen werden.<\/p>\n<p class=\"font_8\">Die Webseite <a href=\"https:\/\/www.djchristaffa.de\">www.djchristaffa.de<\/a> enth\u00e4lt Links zu Websites anderer Anbieter, f\u00fcr deren Inhalte wir keine Haftung \u00fcbernehmen.<\/p>\n<p class=\"font_8\">F\u00fcr illegale, fehlerhafte oder unvollst\u00e4ndige Inhalte und insbesondere f\u00fcr Sch\u00e4den, die aus der Nutzung oder Nichtnutzung solcherart dargebotenen Informationen entstehen, kann der Inhaber und Betreiber von <a href=\"https:\/\/www.djchristaffa.de\">www.djchristaffa.de<\/a> nicht haftbar gemacht werden.<\/p>\n<p class=\"font_8\">Links auf dieser Webseite k\u00f6nnen &#8222;Affiliate-Links&#8220; sein. Das hei\u00dft, ich bekomme eine Provision, wenn Sie den Artikel aus dem Link bestellen. Der Preis f\u00fcr den Artikel wird dadurch nicht h\u00f6her.<\/p>\n<\/div>\n<div id=\"FvGrdLn4-cmd\" class=\"hl1\">\n<div id=\"FvGrdLn4-cmdline\" class=\"hl1line\"><\/div>\n<\/div>\n<div id=\"io9ow1b4\" class=\"txtNew\" data-packed=\"true\">\n<h6 class=\"font_6\">Widerspruch Werbe-Mails<\/h6>\n<p class=\"font_8\">Der Nutzung von im Rahmen der Impressumspflicht ver\u00f6ffentlichten Kontaktdaten zur \u00dcbersendung von nicht ausdr\u00fccklich angeforderter Werbung und Informationsmaterialien wird hiermit widersprochen. Ich behalte mir ausdr\u00fccklich rechtliche Schritte im Falle der unverlangten Zusendung von Werbeinformationen, etwa durch Spam-E-Mails, vor.<\/p>\n<\/div>\n<div id=\"FvGrdLn0-x0e\" class=\"hl1\">\n<div id=\"FvGrdLn0-x0eline\" class=\"hl1line\"><\/div>\n<\/div>\n<div id=\"comp-j8p0b607\" class=\"txtNew\" data-packed=\"true\">\n<h6 class=\"font_6\">Informationspflicht nach \u00a7 37 Verbraucherstreitbeilegungsges\u200betz<\/h6>\n<p class=\"font_8\">Die Plattform der Europ\u00e4ischen Union zur au\u00dfergerichtlichen Online-Streitbeilegung finden Sie unter:\u00a0<a href=\"https:\/\/webgate.ec.europa.eu\/odr\" target=\"_blank\" rel=\"noopener undefined\" data-content=\"https:\/\/webgate.ec.europa.eu\/odr\" data-type=\"external\">https:\/\/webgate.ec.europa.eu\/odr<\/a><\/p>\n<p class=\"font_8\">Dar\u00fcber stellt die Europ\u00e4ische Kommission eine OS-Plattform bereit. Meine E-Mail-Adresse finden Sie weiter oben im Impressum.<\/p>\n<\/div>\n","protected":false},"excerpt":{"rendered":"<p>IMPRESSUM Christopher Wedler K\u00f6nigsberger Stra\u00dfe 80 27356 Rotenburg Mobil 0173.6218328 Mail: djchristaffa@gmx.de Internet: www.djchristaffa.de handelt unter der gesch\u00e4ftlichen Bezeichnung: DJ Chris Taffa Kleinunternehmer im Sinne von \u00a7 19 Abs. 1 UStG. Steuernummer vom Finanzamt Rotenburg noch nicht erhalten. Inhaltlich Verantwortlicher:&hellip; <\/p>\n","protected":false},"author":1,"featured_media":0,"parent":0,"menu_order":0,"comment_status":"closed","ping_status":"closed","template":"","meta":{"footnotes":""},"_links":{"self":[{"href":"https:\/\/djchristaffa.de\/index.php\/wp-json\/wp\/v2\/pages\/56"}],"collection":[{"href":"https:\/\/djchristaffa.de\/index.php\/wp-json\/wp\/v2\/pages"}],"about":[{"href":"https:\/\/djchristaffa.de\/index.php\/wp-json\/wp\/v2\/types\/page"}],"author":[{"embeddable":true,"href":"https:\/\/djchristaffa.de\/index.php\/wp-json\/wp\/v2\/users\/1"}],"replies":[{"embeddable":true,"href":"https:\/\/djchristaffa.de\/index.php\/wp-json\/wp\/v2\/comments?post=56"}],"version-history":[{"count":1,"href":"https:\/\/djchristaffa.de\/index.php\/wp-json\/wp\/v2\/pages\/56\/revisions"}],"predecessor-version":[{"id":57,"href":"https:\/\/djchristaffa.de\/index.php\/wp-json\/wp\/v2\/pages\/56\/revisions\/57"}],"wp:attachment":[{"href":"https:\/\/djchristaffa.de\/index.php\/wp-json\/wp\/v2\/media?parent=56"}],"curies":[{"name":"wp","href":"https:\/\/api.w.org\/{rel}","templated":true}]}}